{"id":595,"date":"2022-11-18T16:59:20","date_gmt":"2022-11-18T15:59:20","guid":{"rendered":"https:\/\/www.morcelliana.net\/editrice\/?page_id=595"},"modified":"2023-04-17T17:52:53","modified_gmt":"2023-04-17T15:52:53","slug":"diritto-allo-studio-universitario","status":"publish","type":"page","link":"https:\/\/www.morcelliana.net\/editrice\/universita-morcelliana-schole\/diritto-allo-studio-universitario\/","title":{"rendered":"Diritto allo studio universitario"},"content":{"rendered":"\t\t<div data-elementor-type=\"wp-page\" data-elementor-id=\"595\" class=\"elementor elementor-595\" data-elementor-post-type=\"page\">\n\t\t\t\t\t\t<section class=\"elementor-section elementor-top-section elementor-element elementor-element-5504d39 elementor-section-height-min-height elementor-section-items-stretch elementor-section-content-middle elementor-section-boxed elementor-section-height-default\" data-id=\"5504d39\" data-element_type=\"section\">\n\t\t\t\t\t\t<div class=\"elementor-container elementor-column-gap-default\">\n\t\t\t\t\t<div class=\"elementor-column elementor-col-100 elementor-top-column elementor-element elementor-element-176656a\" data-id=\"176656a\" data-element_type=\"column\" data-settings=\"{&quot;background_background&quot;:&quot;classic&quot;}\">\n\t\t\t<div class=\"elementor-widget-wrap elementor-element-populated\">\n\t\t\t\t\t\t<div class=\"elementor-element elementor-element-72292a6 elementor-align-center elementor-widget elementor-widget-breadcrumbs\" data-id=\"72292a6\" data-element_type=\"widget\" data-widget_type=\"breadcrumbs.default\">\n\t\t\t\t<div class=\"elementor-widget-container\">\n\t\t\t<nav aria-label=\"breadcrumbs\" class=\"rank-math-breadcrumb\"><p><span class=\"last\">Home<\/span><\/p><\/nav>\t\t<\/div>\n\t\t\t\t<\/div>\n\t\t\t\t\t<\/div>\n\t\t<\/div>\n\t\t\t\t\t<\/div>\n\t\t<\/section>\n\t\t\t\t<section class=\"elementor-section elementor-top-section elementor-element elementor-element-7c11438 elementor-section-boxed elementor-section-height-default elementor-section-height-default\" data-id=\"7c11438\" data-element_type=\"section\">\n\t\t\t\t\t\t<div class=\"elementor-container elementor-column-gap-default\">\n\t\t\t\t\t<div class=\"elementor-column elementor-col-100 elementor-top-column elementor-element elementor-element-a7147b5\" data-id=\"a7147b5\" data-element_type=\"column\">\n\t\t\t<div class=\"elementor-widget-wrap elementor-element-populated\">\n\t\t\t\t\t\t<div class=\"elementor-element elementor-element-1012952 elementor-widget elementor-widget-heading\" data-id=\"1012952\" data-element_type=\"widget\" data-widget_type=\"heading.default\">\n\t\t\t\t<div class=\"elementor-widget-container\">\n\t\t\t<h1 class=\"elementor-heading-title elementor-size-default\">Diritto allo studio universitario<\/h1>\t\t<\/div>\n\t\t\t\t<\/div>\n\t\t\t\t<div class=\"elementor-element elementor-element-f4e66a3 elementor-widget elementor-widget-text-editor\" data-id=\"f4e66a3\" data-element_type=\"widget\" data-widget_type=\"text-editor.default\">\n\t\t\t\t<div class=\"elementor-widget-container\">\n\t\t\t\t\t\t\t<p>Morcelliana Editrice, in linea con la propria proposta editoriale di <strong>pubblicazione di testi di Pedagogia speciale e differenziata<\/strong>, attenta a sensibilizzare sul tema dell\u2019inclusione, delle difficolt\u00e0 di apprendimento e della disabilit\u00e0 e a sostenere il Diritto allo Studio Universitario, <strong>mette a disposizione<\/strong> degli Uffici Servizi per gli studenti con disabilit\u00e0 e con DSA delle diverse universit\u00e0 <strong>la possibilit\u00e0 di richiedere tramite form l\u2019utilizzo di copie digitali accessibili per i propri studenti<\/strong>, garantendo l\u2019utilizzo dell\u2019opera nel particolare formato <strong>finalizzata allo studio individuale e concessa ad uso personale ed esclusivo dello studente per il quale viene fatta richiesta<\/strong>, la quale non potr\u00e0 in alcun modo essere ceduta a terzi ne riprodotta in nessuna forma compresa la condivisione attraverso reti telematiche e simili.<\/p>\t\t\t\t\t\t<\/div>\n\t\t\t\t<\/div>\n\t\t\t\t<div class=\"elementor-element elementor-element-ca185bb elementor-widget elementor-widget-shortcode\" data-id=\"ca185bb\" data-element_type=\"widget\" data-widget_type=\"shortcode.default\">\n\t\t\t\t<div class=\"elementor-widget-container\">\n\t\t\t\t\t<div class=\"elementor-shortcode\"><div id=\"piotnetforms\" class=\"piotnetforms piotnetforms-594\" data-piotnetforms-shortcode-id=\"594\"><form id=\"594\" class=\"piotnetforms__form\" onsubmit=\"return false\"><div class=\"piotnet-section p10418519 info-personali\">\t\t\t\t\t\t<div class=\"piotnet-section__container\"\n\t\t>\n\t\t<div class=\"piotnet-column p33394374\">\t\t\t\t\t\t<div class=\"piotnet-column__inner\"\n\t\t\t>\n\t\t\t\t<div class=\"p10560575 piotnetforms-spacer\">\n\t\t\t<div class=\"piotnetforms-spacer\"><\/div>\n\t\t<\/div>\n\t\t<h2 class=\"p10692925\">Informazioni ente<\/h2>\t\t\t<\/div>\n\t\t<\/div><div class=\"piotnet-column p43358840\">\t\t\t\t\t\t<div class=\"piotnet-column__inner\"\n\t\t\t>\n\t\t\t\t\n\t\t<div class=\"p33647248 nome-utente piotnetforms-fields-wrapper piotnetforms-labels-above piotnetforms-label-animation\">\n\t\t\t<div class=\"piotnetforms-field-type-text piotnetforms-field-group piotnetforms-column  piotnetforms-field-group-nome-ente piotnetforms-col-100 piotnetforms-field-required\">\n\t\t\t\t<label for=\"form-field-nome-ente\" class=\"piotnetforms-field-label\">Ente che richiede la copia digitale<\/label><div data-piotnetforms-required><\/div><div class=\"piotnetforms-field-container\"><input size=\"1\" class=\"piotnetforms-field piotnetforms-size-\" type=\"text\" name=\"form_fields[nome-ente]\" id=\"form-field-nome-ente\" autocomplete=\"on\" data-piotnetforms-default-value=\"\" required=\"required\" aria-required=\"true\" data-piotnetforms-id=\"594\"><\/div>\t\t\t<\/div>\n\t\t<\/div>\n\t\t\t\n\t\t<div class=\"p6634690 mail-utente piotnetforms-fields-wrapper piotnetforms-labels-above piotnetforms-label-animation\">\n\t\t\t<div class=\"piotnetforms-field-type-text piotnetforms-field-group piotnetforms-column  piotnetforms-field-group-mail-ente piotnetforms-col-100 piotnetforms-field-required\">\n\t\t\t\t<label for=\"form-field-mail-ente\" class=\"piotnetforms-field-label\">Email<\/label><div data-piotnetforms-required><\/div><div class=\"piotnetforms-field-container\"><input size=\"1\" class=\"piotnetforms-field piotnetforms-size-\" type=\"text\" name=\"form_fields[mail-ente]\" id=\"form-field-mail-ente\" autocomplete=\"on\" data-piotnetforms-default-value=\"\" required=\"required\" aria-required=\"true\" data-piotnetforms-id=\"594\"><\/div>\t\t\t<\/div>\n\t\t<\/div>\n\t\t\t\t<\/div>\n\t\t<\/div><div class=\"piotnet-column p66377727\">\t\t\t\t\t\t<div class=\"piotnet-column__inner\"\n\t\t\t>\n\t\t\t\t<div class=\"p7293467 piotnetforms-spacer\">\n\t\t\t<div class=\"piotnetforms-spacer\"><\/div>\n\t\t<\/div>\n\t\t\t\t\t<\/div>\n\t\t<\/div>\t\t\t<\/div>\n\t\t<\/div><div class=\"piotnet-section p44160300 info-universitarie\" data-piotnetforms-repeater-form-id=\"594\" data-piotnetforms-repeater-id=\"repeater_informazioni-universitarie\" data-piotnetforms-repeater-label=\"repeater_informazioni-universitarie\" data-piotnetforms-repeater-limit=\"\">\t\t\t\t\t\t<div class=\"piotnet-section__container\"\n\t\t>\n\t\t<div class=\"piotnet-column p57786706\">\t\t\t\t\t\t<div class=\"piotnet-column__inner\"\n\t\t\t>\n\t\t<h2 class=\"p66809706\">Informazioni studente<\/h2>\t\t\n\t\t<div class=\"p86551977 universita-istituto piotnetforms-fields-wrapper piotnetforms-labels-above piotnetforms-label-animation\">\n\t\t\t<div class=\"piotnetforms-field-type-text piotnetforms-field-group piotnetforms-column  piotnetforms-field-group-info-studente piotnetforms-col-100 piotnetforms-field-required\">\n\t\t\t\t<label for=\"form-field-info-studente\" class=\"piotnetforms-field-label\">Studente per la quale viene richiesta<\/label><div data-piotnetforms-required><\/div><div class=\"piotnetforms-field-container\"><input size=\"1\" class=\"piotnetforms-field piotnetforms-size-\" type=\"text\" name=\"form_fields[info-studente]\" id=\"form-field-info-studente\" autocomplete=\"on\" data-piotnetforms-default-value=\"\" required=\"required\" aria-required=\"true\" data-piotnetforms-id=\"594\"><\/div>\t\t\t<\/div>\n\t\t<\/div>\n\t\t\t\n\t\t<div class=\"p49668058 facolta-dipartimento piotnetforms-fields-wrapper piotnetforms-labels-above piotnetforms-label-animation\">\n\t\t\t<div class=\"piotnetforms-field-type-text piotnetforms-field-group piotnetforms-column  piotnetforms-field-group-info-studente-mail piotnetforms-col-100 piotnetforms-field-required\">\n\t\t\t\t<label for=\"form-field-info-studente-mail\" class=\"piotnetforms-field-label\">Email<\/label><div data-piotnetforms-required><\/div><div class=\"piotnetforms-field-container\"><input size=\"1\" class=\"piotnetforms-field piotnetforms-size-\" type=\"text\" name=\"form_fields[info-studente-mail]\" id=\"form-field-info-studente-mail\" autocomplete=\"on\" data-piotnetforms-default-value=\"\" required=\"required\" aria-required=\"true\" data-piotnetforms-remove-this-field-from-repeater=\"\" data-piotnetforms-id=\"594\"><\/div>\t\t\t<\/div>\n\t\t<\/div>\n\t\t\t<div class=\"p79796994 piotnetforms-spacer\">\n\t\t\t<div class=\"piotnetforms-spacer\"><\/div>\n\t\t<\/div>\n\t\t\t\t\t<\/div>\n\t\t<\/div>\t\t\t<\/div>\n\t\t<\/div><div class=\"piotnet-section p40458219\" id=\"volumi-richiesti\">\t\t\t\t\t\t<div class=\"piotnet-section__container\"\n\t\t>\n\t\t<div class=\"piotnet-column p29596734\">\t\t\t\t\t\t<div class=\"piotnet-column__inner\"\n\t\t\t>\n\t\t<h2 class=\"p31730047\">Informazioni volume<\/h2>\t\t\n\t\t<div class=\"p62298295 autore-volume piotnetforms-fields-wrapper piotnetforms-labels-above piotnetforms-label-animation\">\n\t\t\t<div class=\"piotnetforms-field-type-text piotnetforms-field-group piotnetforms-column  piotnetforms-field-group-autore-volume piotnetforms-col-100 piotnetforms-field-required\">\n\t\t\t\t<label for=\"form-field-autore-volume\" class=\"piotnetforms-field-label\">Autore<\/label><div data-piotnetforms-required><\/div><div class=\"piotnetforms-field-container\"><input size=\"1\" class=\"piotnetforms-field piotnetforms-size-\" type=\"text\" name=\"form_fields[autore-volume]\" id=\"form-field-autore-volume\" autocomplete=\"on\" data-piotnetforms-default-value=\"\" required=\"required\" aria-required=\"true\" data-piotnetforms-id=\"594\"><\/div>\t\t\t<\/div>\n\t\t<\/div>\n\t\t\t\n\t\t<div class=\"p93034925 titolo-volume piotnetforms-fields-wrapper piotnetforms-labels-above piotnetforms-label-animation\">\n\t\t\t<div class=\"piotnetforms-field-type-text piotnetforms-field-group piotnetforms-column  piotnetforms-field-group-titolo-volume piotnetforms-col-100 piotnetforms-field-required\">\n\t\t\t\t<label for=\"form-field-titolo-volume\" class=\"piotnetforms-field-label\">Titolo<\/label><div data-piotnetforms-required><\/div><div class=\"piotnetforms-field-container\"><input size=\"1\" class=\"piotnetforms-field piotnetforms-size-\" type=\"text\" name=\"form_fields[titolo-volume]\" id=\"form-field-titolo-volume\" autocomplete=\"on\" data-piotnetforms-default-value=\"\" required=\"required\" aria-required=\"true\" data-piotnetforms-id=\"594\"><\/div>\t\t\t<\/div>\n\t\t<\/div>\n\t\t\t\n\t\t<div class=\"p67766476 titolo-volume piotnetforms-fields-wrapper piotnetforms-labels-above piotnetforms-label-animation\">\n\t\t\t<div class=\"piotnetforms-field-type-text piotnetforms-field-group piotnetforms-column  piotnetforms-field-group-universit\u00e0-riferimento piotnetforms-col-100 piotnetforms-field-required\">\n\t\t\t\t<label for=\"form-field-universit\u00e0-riferimento\" class=\"piotnetforms-field-label\">Universit\u00e0 di riferimento<\/label><div data-piotnetforms-required><\/div><div class=\"piotnetforms-field-container\"><input size=\"1\" class=\"piotnetforms-field piotnetforms-size-\" type=\"text\" name=\"form_fields[universit\u00e0-riferimento]\" id=\"form-field-universit\u00e0-riferimento\" autocomplete=\"on\" data-piotnetforms-default-value=\"\" required=\"required\" aria-required=\"true\" data-piotnetforms-id=\"594\"><\/div>\t\t\t<\/div>\n\t\t<\/div>\n\t\t\t\n\t\t<div class=\"p88317781 titolo-volume piotnetforms-fields-wrapper piotnetforms-labels-above piotnetforms-label-animation\">\n\t\t\t<div class=\"piotnetforms-field-type-text piotnetforms-field-group piotnetforms-column  piotnetforms-field-group-corso-testo piotnetforms-col-100 piotnetforms-field-required\">\n\t\t\t\t<label for=\"form-field-corso-testo\" class=\"piotnetforms-field-label\">Corso nel quale il testo \u00e8 richiesto<\/label><div data-piotnetforms-required><\/div><div class=\"piotnetforms-field-container\"><input size=\"1\" class=\"piotnetforms-field piotnetforms-size-\" type=\"text\" name=\"form_fields[corso-testo]\" id=\"form-field-corso-testo\" autocomplete=\"on\" data-piotnetforms-default-value=\"\" required=\"required\" aria-required=\"true\" data-piotnetforms-id=\"594\"><\/div>\t\t\t<\/div>\n\t\t<\/div>\n\t\t\t\n\t\t<div class=\"p66668671 titolo-volume piotnetforms-fields-wrapper piotnetforms-labels-above piotnetforms-label-animation\">\n\t\t\t<div class=\"piotnetforms-field-type-text piotnetforms-field-group piotnetforms-column  piotnetforms-field-group-nome-docente piotnetforms-col-100 piotnetforms-field-required\">\n\t\t\t\t<label for=\"form-field-nome-docente\" class=\"piotnetforms-field-label\">Nome del docente<\/label><div data-piotnetforms-required><\/div><div class=\"piotnetforms-field-container\"><input size=\"1\" class=\"piotnetforms-field piotnetforms-size-\" type=\"text\" name=\"form_fields[nome-docente]\" id=\"form-field-nome-docente\" autocomplete=\"on\" data-piotnetforms-default-value=\"\" required=\"required\" aria-required=\"true\" data-piotnetforms-id=\"594\"><\/div>\t\t\t<\/div>\n\t\t<\/div>\n\t\t\t\t<\/div>\n\t\t<\/div>\t\t\t<\/div>\n\t\t<\/div>\t\t\n\t\t<div class=\"p82488088 piotnetforms-fields-wrapper piotnetforms-labels-above\">\n\t\t\t<div class=\"piotnetforms-field-type-acceptance piotnetforms-field-group piotnetforms-column piotnetforms-column-flex piotnetforms-field-group-check-privacy piotnetforms-col-100 piotnetforms-field-required\">\n\t\t\t\t<div class=\"piotnetforms-field-container piotnetforms-field-inline\"><div class=\"piotnetforms-field-subgroup piotnetforms-field-subgroup--native \"><span class=\"piotnetforms-field-option\"><input class=\"piotnetforms-field piotnetforms-size- piotnetforms-acceptance-field\" type=\"checkbox\" name=\"form_fields[check-privacy]\" id=\"form-field-check-privacy\" autocomplete=\"on\" data-piotnetforms-default-value=\"\" required=\"required\" aria-required=\"true\" data-piotnetforms-id=\"594\" value=\"yes\"> <label for=\"form-field-check-privacy\">Dichiaro di aver preso visione della <a href='\/privacy-policy'>Privacy policy <\/a>e acconsento al trattamento dei miei dati personali per finalit\u00e0 connesse alla gestione della mia richiesta.<\/label><\/span><\/div><\/div><div data-piotnetforms-required><\/div>\t\t\t<\/div>\n\t\t<\/div>\n\t\n\t\t<div class=\"p40419071 submit-button-form piotnetforms-submit piotnetforms-button-wrapper\" data-piotnetforms-abandonment=\"\">\n\n\t\t\t\t<input type=\"hidden\" name=\"post_id\" value=\"594\" data-piotnetforms-hidden-form-id=\"594\"\/>\n\t\t<input type=\"hidden\" name=\"form_id\" value=\"p40419071\" data-piotnetforms-hidden-form-id=\"594\"\/>\n\t\t<input type=\"hidden\" name=\"remote_ip\" value=\"216.73.216.228\" data-piotnetforms-hidden-form-id=\"594\"\/>\n\n\t\t\n\t\t\n\t\t\n\t\t\n\t\t<button class=\"piotnetforms-button\" type=\"submit\" role=\"button\" data-piotnetforms-required-text=\"Questo campo \u00e8 richiesto\" data-piotnetforms-submit-form-id=\"594\" data-piotnetforms-submit-keyboard=\"false\" data-piotnetforms-submit-hide=\"false\" data-piotnetforms-submit-recaptcha=\"6LeddswgAAAAAKtHc0MVOr9oK1guOip3ztdP7Ve2\">\n\t\t\t\t\t<span class=\"piotnetforms-button-content-wrapper\">\n\t\t\t<span class=\"piotnetforms-button-text piotnetforms-spinner\"><span class=\"icon-spinner-of-dots\"><\/span><\/span>\n\t\t\t\t\t\t<span class=\"piotnetforms-button-text\">Invia<\/span>\n\t\t<\/span>\n\t\t\t\t<\/button>\n\t\t\n\t\t        \t\t        \t\t\n\t\t\n\t\t\n        \n            \t\t<script src=\"https:\/\/www.google.com\/recaptcha\/api.js?render=6LeddswgAAAAAKtHc0MVOr9oK1guOip3ztdP7Ve2\"><\/script>\n\t\t\t\t\t<style type=\"text\/css\">\n\t\t\t\t.grecaptcha-badge {\n\t\t\t\t\topacity:0 !important;\n\t\t\t\t\tvisibility: collapse !important;\n\t\t\t\t}\n\t\t\t<\/style>\n\t\t\t\t\t\t<div id=\"piotnetforms-trigger-success-594\" data-piotnetforms-trigger-success=\"594\" style=\"display: none\"><\/div>\n\t\t<div id=\"piotnetforms-trigger-failed-594\" data-piotnetforms-trigger-failed=\"594\" style=\"display: none\"><\/div>\n\t\t<div class=\"piotnetforms-alert piotnetforms-alert--mail\">\n\t\t\t<div class=\"piotnetforms-message piotnetforms-message-success\" role=\"alert\" data-piotnetforms-message=\"La form \u00e8 stata inviata con successo\">La form \u00e8 stata inviata con successo<\/div>\n\t\t\t<div class=\"piotnetforms-message piotnetforms-message-danger\" role=\"alert\" data-piotnetforms-message=\"Purtroppo c'\u00e8 stato un errore\">Purtroppo c'\u00e8 stato un errore<\/div>\n\t\t\t<!-- <div class=\"piotnetforms-message piotnetforms-help-inline\" role=\"alert\">Server error. Form not sent.<\/div> -->\n\t\t<\/div>\n\t\t\t\t<\/div>\n\t\t<link rel=\"stylesheet\" href=\"https:\/\/www.morcelliana.net\/editrice\/wp-content\/uploads\/piotnetforms\/css\/594.css?ver=23\" media=\"all\"><\/form><\/div><div data-piotnetforms-ajax-url=\"https:\/\/www.morcelliana.net\/editrice\/wp-admin\/admin-ajax.php\"><\/div><div data-piotnetforms-plugin-url=\"https:\/\/www.morcelliana.net\/editrice\/wp-content\/plugins\"><\/div><div data-piotnetforms-tinymce-upload=\"https:\/\/www.morcelliana.net\/editrice\/wp-content\/plugins\/piotnetforms-pro\/inc\/forms\/tinymce\/tinymce-upload.php\"><\/div><div data-piotnetforms-stripe-key=\"\"><\/div><div class=\"piotnetforms-break-point\" data-piotnetforms-break-point-md=\"1025\" data-piotnetforms-break-point-lg=\"767\"><\/div>\t\t\t<\/div>\n\t\t\t\t<\/div>\n\t\t\t\t<\/div>\n\t\t\t\t\t<\/div>\n\t\t<\/div>\n\t\t\t\t\t<\/div>\n\t\t<\/section>\n\t\t\t\t<\/div>\n\t\t","protected":false},"excerpt":{"rendered":"<p>Home Morcelliana Editrice, in linea con la propria proposta editoriale di pubblicazione di testi di Pedagogia speciale e differenziata, attenta a sensibilizzare sul tema dell\u2019inclusione, delle difficolt\u00e0 di apprendimento e della disabilit\u00e0 e a sostenere il Diritto allo Studio Universitario, mette a disposizione degli Uffici Servizi per gli studenti con disabilit\u00e0 e con DSA delle [&hellip;]<\/p>\n","protected":false},"author":4,"featured_media":0,"parent":448,"menu_order":0,"comment_status":"closed","ping_status":"closed","template":"","meta":{"rank_math_lock_modified_date":false,"footnotes":""},"class_list":["post-595","page","type-page","status-publish","hentry"],"_links":{"self":[{"href":"https:\/\/www.morcelliana.net\/editrice\/wp-json\/wp\/v2\/pages\/595","targetHints":{"allow":["GET"]}}],"collection":[{"href":"https:\/\/www.morcelliana.net\/editrice\/wp-json\/wp\/v2\/pages"}],"about":[{"href":"https:\/\/www.morcelliana.net\/editrice\/wp-json\/wp\/v2\/types\/page"}],"author":[{"embeddable":true,"href":"https:\/\/www.morcelliana.net\/editrice\/wp-json\/wp\/v2\/users\/4"}],"replies":[{"embeddable":true,"href":"https:\/\/www.morcelliana.net\/editrice\/wp-json\/wp\/v2\/comments?post=595"}],"version-history":[{"count":31,"href":"https:\/\/www.morcelliana.net\/editrice\/wp-json\/wp\/v2\/pages\/595\/revisions"}],"predecessor-version":[{"id":1639,"href":"https:\/\/www.morcelliana.net\/editrice\/wp-json\/wp\/v2\/pages\/595\/revisions\/1639"}],"up":[{"embeddable":true,"href":"https:\/\/www.morcelliana.net\/editrice\/wp-json\/wp\/v2\/pages\/448"}],"wp:attachment":[{"href":"https:\/\/www.morcelliana.net\/editrice\/wp-json\/wp\/v2\/media?parent=595"}],"curies":[{"name":"wp","href":"https:\/\/api.w.org\/{rel}","templated":true}]}}