{"id":775,"date":"2022-11-24T17:26:36","date_gmt":"2022-11-24T16:26:36","guid":{"rendered":"https:\/\/www.morcelliana.net\/editrice\/?page_id=775"},"modified":"2025-02-17T10:59:04","modified_gmt":"2025-02-17T09:59:04","slug":"chi-siamo-editrice-morcelliana","status":"publish","type":"page","link":"https:\/\/www.morcelliana.net\/editrice\/chi-siamo-editrice-morcelliana\/","title":{"rendered":"Chi siamo"},"content":{"rendered":"\t\t<div data-elementor-type=\"wp-page\" data-elementor-id=\"775\" class=\"elementor elementor-775\" data-elementor-post-type=\"page\">\n\t\t\t\t\t\t<section class=\"elementor-section elementor-top-section elementor-element elementor-element-7c11438 elementor-section-height-min-height elementor-section-items-stretch elementor-section-content-middle elementor-section-boxed elementor-section-height-default\" data-id=\"7c11438\" data-element_type=\"section\">\n\t\t\t\t\t\t<div class=\"elementor-container elementor-column-gap-default\">\n\t\t\t\t\t<div class=\"elementor-column elementor-col-100 elementor-top-column elementor-element elementor-element-a7147b5\" data-id=\"a7147b5\" data-element_type=\"column\" data-settings=\"{&quot;background_background&quot;:&quot;classic&quot;}\">\n\t\t\t<div class=\"elementor-widget-wrap elementor-element-populated\">\n\t\t\t\t\t\t<div class=\"elementor-element elementor-element-1b6b3d6 elementor-align-center elementor-widget elementor-widget-breadcrumbs\" data-id=\"1b6b3d6\" data-element_type=\"widget\" data-widget_type=\"breadcrumbs.default\">\n\t\t\t\t<div class=\"elementor-widget-container\">\n\t\t\t<nav aria-label=\"breadcrumbs\" class=\"rank-math-breadcrumb\"><p><span class=\"last\">Home<\/span><\/p><\/nav>\t\t<\/div>\n\t\t\t\t<\/div>\n\t\t\t\t\t<\/div>\n\t\t<\/div>\n\t\t\t\t\t<\/div>\n\t\t<\/section>\n\t\t\t\t<section class=\"elementor-section elementor-top-section elementor-element elementor-element-954b22a elementor-reverse-tablet elementor-reverse-mobile elementor-section-boxed elementor-section-height-default elementor-section-height-default\" data-id=\"954b22a\" data-element_type=\"section\">\n\t\t\t\t\t\t<div class=\"elementor-container elementor-column-gap-default\">\n\t\t\t\t\t<div class=\"elementor-column elementor-col-50 elementor-top-column elementor-element elementor-element-bc0bfa3\" data-id=\"bc0bfa3\" data-element_type=\"column\" data-settings=\"{&quot;background_background&quot;:&quot;classic&quot;}\">\n\t\t\t<div class=\"elementor-widget-wrap elementor-element-populated\">\n\t\t\t\t\t\t<div class=\"elementor-element elementor-element-ad4e34f elementor-widget elementor-widget-image\" data-id=\"ad4e34f\" data-element_type=\"widget\" data-widget_type=\"image.default\">\n\t\t\t\t<div class=\"elementor-widget-container\">\n\t\t\t\t\t\t\t\t\t\t\t\t\t<img fetchpriority=\"high\" decoding=\"async\" width=\"677\" height=\"274\" src=\"https:\/\/www.morcelliana.net\/editrice\/wp-content\/uploads\/2023\/06\/Logoe-Morcelliana-Schole.png\" class=\"attachment-large size-large wp-image-1792\" alt=\"\" srcset=\"https:\/\/www.morcelliana.net\/editrice\/wp-content\/uploads\/2023\/06\/Logoe-Morcelliana-Schole.png 677w, https:\/\/www.morcelliana.net\/editrice\/wp-content\/uploads\/2023\/06\/Logoe-Morcelliana-Schole-300x121.png 300w\" sizes=\"(max-width: 677px) 100vw, 677px\" title=\"\">\t\t\t\t\t\t\t\t\t\t\t\t\t<\/div>\n\t\t\t\t<\/div>\n\t\t\t\t\t<\/div>\n\t\t<\/div>\n\t\t\t\t<div class=\"elementor-column elementor-col-50 elementor-top-column elementor-element elementor-element-34af8c7\" data-id=\"34af8c7\" data-element_type=\"column\">\n\t\t\t<div class=\"elementor-widget-wrap elementor-element-populated\">\n\t\t\t\t\t\t<div class=\"elementor-element elementor-element-8ded589 elementor-widget elementor-widget-heading\" data-id=\"8ded589\" data-element_type=\"widget\" data-widget_type=\"heading.default\">\n\t\t\t\t<div class=\"elementor-widget-container\">\n\t\t\t<h1 class=\"elementor-heading-title elementor-size-default\">Storia dell'editrice<\/h1>\t\t<\/div>\n\t\t\t\t<\/div>\n\t\t\t\t<div class=\"elementor-element elementor-element-1881a2f elementor-widget elementor-widget-text-editor\" data-id=\"1881a2f\" data-element_type=\"widget\" data-widget_type=\"text-editor.default\">\n\t\t\t\t<div class=\"elementor-widget-container\">\n\t\t\t\t\t\t\tFondata a Brescia nel 1925 da un gruppo di giovani cattolici \u2013 Fausto Minelli, Alessandro Capretti, Mario Bendiscioli, Giulio Bevilacqua, Gian Battista Montini (il futuro papa Paolo VI) \u2013 la casa editrice Morcelliana dalle sue origini si \u00e8 impegnata a promuovere una cultura di ispirazione cattolica, cercando di intercettare le pi\u00f9 brillanti tendenze del pensiero moderno europeo. Con il passare del tempo questo sforzo si \u00e8 consolidato in una linea editoriale caratterizzata per gli studi biblici, di letteratura cristiana antica, spiritualit\u00e0, teologia, filosofia, scienze della religione e storia. Dal 2016, acquisendo il catalogo storico di saggista dell\u2019editrice La Scuola, sotto il nuovo marchio Schol\u00e9 ha ampliato la sua proposta ai campi della pedagogia, della didattica, della sociologia, del diritto e delle scienze sociali, della bioetica, ma anche della critica letteraria, delle scienze della comunicazione e altre scienze umane. \t\t\t\t\t\t<\/div>\n\t\t\t\t<\/div>\n\t\t\t\t\t<\/div>\n\t\t<\/div>\n\t\t\t\t\t<\/div>\n\t\t<\/section>\n\t\t\t\t<section class=\"elementor-section elementor-top-section elementor-element elementor-element-2640298 elementor-section-boxed elementor-section-height-default elementor-section-height-default\" data-id=\"2640298\" data-element_type=\"section\">\n\t\t\t\t\t\t<div class=\"elementor-container elementor-column-gap-default\">\n\t\t\t\t\t<div class=\"elementor-column elementor-col-50 elementor-top-column elementor-element elementor-element-24fff06\" data-id=\"24fff06\" data-element_type=\"column\">\n\t\t\t<div class=\"elementor-widget-wrap elementor-element-populated\">\n\t\t\t\t\t\t<div class=\"elementor-element elementor-element-9ae11ee elementor-widget elementor-widget-heading\" data-id=\"9ae11ee\" data-element_type=\"widget\" data-widget_type=\"heading.default\">\n\t\t\t\t<div class=\"elementor-widget-container\">\n\t\t\t<h2 class=\"elementor-heading-title elementor-size-default\">Il marchio Morcelliana<\/h2>\t\t<\/div>\n\t\t\t\t<\/div>\n\t\t\t\t\t<\/div>\n\t\t<\/div>\n\t\t\t\t<div class=\"elementor-column elementor-col-50 elementor-top-column elementor-element elementor-element-64a4f38\" data-id=\"64a4f38\" data-element_type=\"column\" data-settings=\"{&quot;background_background&quot;:&quot;classic&quot;}\">\n\t\t\t<div class=\"elementor-widget-wrap elementor-element-populated\">\n\t\t\t\t\t\t<section class=\"elementor-section elementor-inner-section elementor-element elementor-element-2aeeab6 elementor-hidden-desktop elementor-hidden-tablet elementor-hidden-mobile elementor-section-boxed elementor-section-height-default elementor-section-height-default\" data-id=\"2aeeab6\" data-element_type=\"section\">\n\t\t\t\t\t\t<div class=\"elementor-container elementor-column-gap-default\">\n\t\t\t\t\t<div class=\"elementor-column elementor-col-33 elementor-inner-column elementor-element elementor-element-3a1886f\" data-id=\"3a1886f\" data-element_type=\"column\">\n\t\t\t<div class=\"elementor-widget-wrap elementor-element-populated\">\n\t\t\t\t\t\t<div class=\"elementor-element elementor-element-9f748aa elementor-widget__width-auto elementor-widget elementor-widget-image\" data-id=\"9f748aa\" data-element_type=\"widget\" data-widget_type=\"image.default\">\n\t\t\t\t<div class=\"elementor-widget-container\">\n\t\t\t\t\t\t\t\t\t\t\t\t\t<img decoding=\"async\" width=\"600\" height=\"600\" src=\"https:\/\/www.morcelliana.net\/editrice\/wp-content\/uploads\/2023\/06\/VOLTI-Morcelliana-Guardini.png\" class=\"attachment-large size-large wp-image-1767\" alt=\"Guardini - Morcelliana\" srcset=\"https:\/\/www.morcelliana.net\/editrice\/wp-content\/uploads\/2023\/06\/VOLTI-Morcelliana-Guardini.png 600w, https:\/\/www.morcelliana.net\/editrice\/wp-content\/uploads\/2023\/06\/VOLTI-Morcelliana-Guardini-300x300.png 300w, https:\/\/www.morcelliana.net\/editrice\/wp-content\/uploads\/2023\/06\/VOLTI-Morcelliana-Guardini-150x150.png 150w\" sizes=\"(max-width: 600px) 100vw, 600px\" title=\"\">\t\t\t\t\t\t\t\t\t\t\t\t\t<\/div>\n\t\t\t\t<\/div>\n\t\t\t\t\t<\/div>\n\t\t<\/div>\n\t\t\t\t<div class=\"elementor-column elementor-col-33 elementor-inner-column elementor-element elementor-element-b769068\" data-id=\"b769068\" data-element_type=\"column\">\n\t\t\t<div class=\"elementor-widget-wrap elementor-element-populated\">\n\t\t\t\t\t\t<div class=\"elementor-element elementor-element-7aea17f elementor-widget__width-auto elementor-widget elementor-widget-image\" data-id=\"7aea17f\" data-element_type=\"widget\" data-widget_type=\"image.default\">\n\t\t\t\t<div class=\"elementor-widget-container\">\n\t\t\t\t\t\t\t\t\t\t\t\t\t<img decoding=\"async\" width=\"600\" height=\"600\" src=\"https:\/\/www.morcelliana.net\/editrice\/wp-content\/uploads\/2023\/06\/VOLTI-Morcelliana-Maritan.png\" class=\"attachment-large size-large wp-image-1768\" alt=\"Maritan - Morcelliana\" srcset=\"https:\/\/www.morcelliana.net\/editrice\/wp-content\/uploads\/2023\/06\/VOLTI-Morcelliana-Maritan.png 600w, https:\/\/www.morcelliana.net\/editrice\/wp-content\/uploads\/2023\/06\/VOLTI-Morcelliana-Maritan-300x300.png 300w, https:\/\/www.morcelliana.net\/editrice\/wp-content\/uploads\/2023\/06\/VOLTI-Morcelliana-Maritan-150x150.png 150w\" sizes=\"(max-width: 600px) 100vw, 600px\" title=\"\">\t\t\t\t\t\t\t\t\t\t\t\t\t<\/div>\n\t\t\t\t<\/div>\n\t\t\t\t\t<\/div>\n\t\t<\/div>\n\t\t\t\t<div class=\"elementor-column elementor-col-33 elementor-inner-column elementor-element elementor-element-d71350a\" data-id=\"d71350a\" data-element_type=\"column\">\n\t\t\t<div class=\"elementor-widget-wrap elementor-element-populated\">\n\t\t\t\t\t\t<div class=\"elementor-element elementor-element-9de2b00 elementor-widget__width-auto elementor-widget elementor-widget-image\" data-id=\"9de2b00\" data-element_type=\"widget\" data-widget_type=\"image.default\">\n\t\t\t\t<div class=\"elementor-widget-container\">\n\t\t\t\t\t\t\t\t\t\t\t\t\t<img loading=\"lazy\" decoding=\"async\" width=\"600\" height=\"600\" src=\"https:\/\/www.morcelliana.net\/editrice\/wp-content\/uploads\/2023\/06\/VOLTI-Morcelliana-zambrano.png\" class=\"attachment-large size-large wp-image-1769\" alt=\"Zambrano - Morcelliana\" srcset=\"https:\/\/www.morcelliana.net\/editrice\/wp-content\/uploads\/2023\/06\/VOLTI-Morcelliana-zambrano.png 600w, https:\/\/www.morcelliana.net\/editrice\/wp-content\/uploads\/2023\/06\/VOLTI-Morcelliana-zambrano-300x300.png 300w, https:\/\/www.morcelliana.net\/editrice\/wp-content\/uploads\/2023\/06\/VOLTI-Morcelliana-zambrano-150x150.png 150w\" sizes=\"(max-width: 600px) 100vw, 600px\" title=\"\">\t\t\t\t\t\t\t\t\t\t\t\t\t<\/div>\n\t\t\t\t<\/div>\n\t\t\t\t\t<\/div>\n\t\t<\/div>\n\t\t\t\t\t<\/div>\n\t\t<\/section>\n\t\t\t\t\t<\/div>\n\t\t<\/div>\n\t\t\t\t\t<\/div>\n\t\t<\/section>\n\t\t\t\t<section class=\"elementor-section elementor-top-section elementor-element elementor-element-97191bc elementor-reverse-tablet elementor-reverse-mobile elementor-section-boxed elementor-section-height-default elementor-section-height-default\" data-id=\"97191bc\" data-element_type=\"section\">\n\t\t\t\t\t\t<div class=\"elementor-container elementor-column-gap-default\">\n\t\t\t\t\t<div class=\"elementor-column elementor-col-100 elementor-top-column elementor-element elementor-element-f53255a\" data-id=\"f53255a\" data-element_type=\"column\">\n\t\t\t<div class=\"elementor-widget-wrap elementor-element-populated\">\n\t\t\t\t\t\t<div class=\"elementor-element elementor-element-b11ddf7 elementor-widget elementor-widget-text-editor\" data-id=\"b11ddf7\" data-element_type=\"widget\" data-widget_type=\"text-editor.default\">\n\t\t\t\t<div class=\"elementor-widget-container\">\n\t\t\t\t\t\t\tIl catalogo Morcelliana si caratterizza per la pubblicazione di classici, italiani e stranieri, e testi di ricerca: nella collana \u201cStoria\u201d si trovano alcuni dei pi\u00f9 autorevoli studi riguardanti l\u2019et\u00e0 moderna e contemporanea, da Hubert Jedin a Paolo Prodi; in \u201cFilosofia\u201d accanto ai classici \u2013 i Diari di S\u00f8ren Kierkegaard, le Opere di Jacques Maritain, \u00c9tienne Gilson, Mar\u00eda Zambrano \u2013 si sono pubblicati autori di rilievo internazionale come Bernhard Casper, Ernst-Wolfgang B\u00f6ckenf\u00f6rde, Enrico Berti, Bruno Forte, Aldo Magris, Salvatore Natoli; \u201cIl pellicano rosso\u201d, fondata da Paolo De Benedetti, \u00e8 una piccola biblioteca del sapere di alta divulgazione. La collana \u201cScienze e storia della religione\u201d, fondata da Giovanni Filoramo, esplora con metodo storico critico e comparato il vasto ambito delle scienze religionistiche, insieme alle collane \u201cLetteratura cristiana antica\u201d, diretta da Claudio Moreschini ed Enrico Norelli, \u201cAntico e Nuovo testamento\u201d; per \u201cTeologia\u201d sono di riferimento le opere di Karl Rahner, Han Urs von Balthasar e Joseph Ratzinger. Un\u2019impresa editoriale manifesto \u00e8 l\u2019Opera Omnia di Romano Guardini, un cantiere aperto che raccoglie gli scritti editi e gli inediti del pensatore, in pi\u00f9 di trenta tomi suddivisi per argomento e curati dai maggiori specialisti, da cui si irradiano i molti titoli continuamente ristampati nell\u2019edizione tascabile: Elogio del libro, Accettare se stessi, Le et\u00e0 della vita, Ritratto della malinconia&#8230; Rappresentativa dell\u2019attivit\u00e0 di traduzione e ricerca biblica \u00e8 la \u201cBibbia dei Settanta\u201d, opera in 4 voll. diretta da Paolo Sacchi, con testo a fronte. Pi\u00f9 recenti le collane \u201cPiccoli Fuochi\u201d, con contributi di protagonisti della cultura europea, \u201cEstetica\u201d, che propone testi e studi di filosofia dell\u2019arte e \u201cParole dell\u2019arte\u201d, una serie che d\u00e0 voce ad artisti, storici dell\u2019arte, letterati, accostando parole e immagini. Sempreverdi nel catalogo, ora in nuova edizione con inediti, le Opere di Jan Dobraczy\u0144ski.\t\t\t\t\t\t<\/div>\n\t\t\t\t<\/div>\n\t\t\t\t\t<\/div>\n\t\t<\/div>\n\t\t\t\t\t<\/div>\n\t\t<\/section>\n\t\t\t\t<section class=\"elementor-section elementor-top-section elementor-element elementor-element-3e661ef elementor-section-boxed elementor-section-height-default elementor-section-height-default\" data-id=\"3e661ef\" data-element_type=\"section\">\n\t\t\t\t\t\t<div class=\"elementor-container elementor-column-gap-default\">\n\t\t\t\t\t<div class=\"elementor-column elementor-col-50 elementor-top-column elementor-element elementor-element-fcfbc98\" data-id=\"fcfbc98\" data-element_type=\"column\">\n\t\t\t<div class=\"elementor-widget-wrap elementor-element-populated\">\n\t\t\t\t\t\t<div class=\"elementor-element elementor-element-4818791 elementor-widget elementor-widget-heading\" data-id=\"4818791\" data-element_type=\"widget\" data-widget_type=\"heading.default\">\n\t\t\t\t<div class=\"elementor-widget-container\">\n\t\t\t<h2 class=\"elementor-heading-title elementor-size-default\">Il marchio Schol\u00e9<\/h2>\t\t<\/div>\n\t\t\t\t<\/div>\n\t\t\t\t\t<\/div>\n\t\t<\/div>\n\t\t\t\t<div class=\"elementor-column elementor-col-50 elementor-top-column elementor-element elementor-element-2213fb2\" data-id=\"2213fb2\" data-element_type=\"column\" data-settings=\"{&quot;background_background&quot;:&quot;classic&quot;}\">\n\t\t\t<div class=\"elementor-widget-wrap elementor-element-populated\">\n\t\t\t\t\t\t<section class=\"elementor-section elementor-inner-section elementor-element elementor-element-96e9dbf elementor-hidden-desktop elementor-hidden-tablet elementor-hidden-mobile elementor-section-boxed elementor-section-height-default elementor-section-height-default\" data-id=\"96e9dbf\" data-element_type=\"section\">\n\t\t\t\t\t\t<div class=\"elementor-container elementor-column-gap-default\">\n\t\t\t\t\t<div class=\"elementor-column elementor-col-33 elementor-inner-column elementor-element elementor-element-52fedfc\" data-id=\"52fedfc\" data-element_type=\"column\">\n\t\t\t<div class=\"elementor-widget-wrap elementor-element-populated\">\n\t\t\t\t\t\t<div class=\"elementor-element elementor-element-dfe1916 elementor-widget__width-auto elementor-widget elementor-widget-image\" data-id=\"dfe1916\" data-element_type=\"widget\" data-widget_type=\"image.default\">\n\t\t\t\t<div class=\"elementor-widget-container\">\n\t\t\t\t\t\t\t\t\t\t\t\t\t<img loading=\"lazy\" decoding=\"async\" width=\"600\" height=\"600\" src=\"https:\/\/www.morcelliana.net\/editrice\/wp-content\/uploads\/2023\/06\/VOLTI-Morcelliana-Montessori.png\" class=\"attachment-large size-large wp-image-1779\" alt=\"Montessori - Morcelliana\" srcset=\"https:\/\/www.morcelliana.net\/editrice\/wp-content\/uploads\/2023\/06\/VOLTI-Morcelliana-Montessori.png 600w, https:\/\/www.morcelliana.net\/editrice\/wp-content\/uploads\/2023\/06\/VOLTI-Morcelliana-Montessori-300x300.png 300w, https:\/\/www.morcelliana.net\/editrice\/wp-content\/uploads\/2023\/06\/VOLTI-Morcelliana-Montessori-150x150.png 150w\" sizes=\"(max-width: 600px) 100vw, 600px\" title=\"\">\t\t\t\t\t\t\t\t\t\t\t\t\t<\/div>\n\t\t\t\t<\/div>\n\t\t\t\t\t<\/div>\n\t\t<\/div>\n\t\t\t\t<div class=\"elementor-column elementor-col-33 elementor-inner-column elementor-element elementor-element-c713084\" data-id=\"c713084\" data-element_type=\"column\">\n\t\t\t<div class=\"elementor-widget-wrap elementor-element-populated\">\n\t\t\t\t\t\t<div class=\"elementor-element elementor-element-2abf834 elementor-widget__width-auto elementor-widget elementor-widget-image\" data-id=\"2abf834\" data-element_type=\"widget\" data-widget_type=\"image.default\">\n\t\t\t\t<div class=\"elementor-widget-container\">\n\t\t\t\t\t\t\t\t\t\t\t\t\t<img loading=\"lazy\" decoding=\"async\" width=\"600\" height=\"600\" src=\"https:\/\/www.morcelliana.net\/editrice\/wp-content\/uploads\/2023\/06\/VOLTI-Morcelliana-reale.png\" class=\"attachment-large size-large wp-image-1780\" alt=\"Reale - Morcelliana\" srcset=\"https:\/\/www.morcelliana.net\/editrice\/wp-content\/uploads\/2023\/06\/VOLTI-Morcelliana-reale.png 600w, https:\/\/www.morcelliana.net\/editrice\/wp-content\/uploads\/2023\/06\/VOLTI-Morcelliana-reale-300x300.png 300w, https:\/\/www.morcelliana.net\/editrice\/wp-content\/uploads\/2023\/06\/VOLTI-Morcelliana-reale-150x150.png 150w\" sizes=\"(max-width: 600px) 100vw, 600px\" title=\"\">\t\t\t\t\t\t\t\t\t\t\t\t\t<\/div>\n\t\t\t\t<\/div>\n\t\t\t\t\t<\/div>\n\t\t<\/div>\n\t\t\t\t<div class=\"elementor-column elementor-col-33 elementor-inner-column elementor-element elementor-element-c449a68\" data-id=\"c449a68\" data-element_type=\"column\">\n\t\t\t<div class=\"elementor-widget-wrap elementor-element-populated\">\n\t\t\t\t\t\t<div class=\"elementor-element elementor-element-f8d0e35 elementor-widget__width-auto elementor-widget elementor-widget-image\" data-id=\"f8d0e35\" data-element_type=\"widget\" data-widget_type=\"image.default\">\n\t\t\t\t<div class=\"elementor-widget-container\">\n\t\t\t\t\t\t\t\t\t\t\t\t\t<img loading=\"lazy\" decoding=\"async\" width=\"600\" height=\"600\" src=\"https:\/\/www.morcelliana.net\/editrice\/wp-content\/uploads\/2023\/06\/VOLTI-Morcelliana-Papa.png\" class=\"attachment-large size-large wp-image-1781\" alt=\"Papa Francesco - Morcelliana\" srcset=\"https:\/\/www.morcelliana.net\/editrice\/wp-content\/uploads\/2023\/06\/VOLTI-Morcelliana-Papa.png 600w, https:\/\/www.morcelliana.net\/editrice\/wp-content\/uploads\/2023\/06\/VOLTI-Morcelliana-Papa-300x300.png 300w, https:\/\/www.morcelliana.net\/editrice\/wp-content\/uploads\/2023\/06\/VOLTI-Morcelliana-Papa-150x150.png 150w\" sizes=\"(max-width: 600px) 100vw, 600px\" title=\"\">\t\t\t\t\t\t\t\t\t\t\t\t\t<\/div>\n\t\t\t\t<\/div>\n\t\t\t\t\t<\/div>\n\t\t<\/div>\n\t\t\t\t\t<\/div>\n\t\t<\/section>\n\t\t\t\t\t<\/div>\n\t\t<\/div>\n\t\t\t\t\t<\/div>\n\t\t<\/section>\n\t\t\t\t<section class=\"elementor-section elementor-top-section elementor-element elementor-element-f52e334 elementor-section-boxed elementor-section-height-default elementor-section-height-default\" data-id=\"f52e334\" data-element_type=\"section\">\n\t\t\t\t\t\t<div class=\"elementor-container elementor-column-gap-default\">\n\t\t\t\t\t<div class=\"elementor-column elementor-col-100 elementor-top-column elementor-element elementor-element-80af4a2\" data-id=\"80af4a2\" data-element_type=\"column\">\n\t\t\t<div class=\"elementor-widget-wrap elementor-element-populated\">\n\t\t\t\t\t\t<div class=\"elementor-element elementor-element-17ab70d elementor-widget elementor-widget-text-editor\" data-id=\"17ab70d\" data-element_type=\"widget\" data-widget_type=\"text-editor.default\">\n\t\t\t\t<div class=\"elementor-widget-container\">\n\t\t\t\t\t\t\tIl marchio Schol\u00e9 \u2013 in cui risuonano le parole \u201cscuola\u201d e \u201clibert\u00e0\u201d \u2013 indica il rinnovamento dell\u2019impegno editoriale in un tempo segnato dalla \u201cquestione educativa\u201d, e un catalogo che, distinto ma unito a quello di Morcelliana, rappresenta la fedelt\u00e0 a una tradizione culturale resa sempre viva, nella sua pluralit\u00e0, dallo spirito della ricerca. Un\u2019eredit\u00e0 di oltre 110 anni, che si rinnova con nuove collane: se \u201cPedagogia\u201d rilancia un\u2019antica e ricca tradizione della pedagogia italiana, con autori classici e nuove proposte, nella collana di \u201cDidattica\u201d spiccano le ricerche innovative di Pier Cesare Rivoltella e Luigi D\u2019Alonzo. Si caratterizzano per una intensa attivit\u00e0 di traduzione le collane commentate dei \u201cClassici dell\u2019educazione\u201d, dove \u00e8 uscita la prima edizione integrale di Comenio, Scuola dell\u2019infanzia, e di J.-J. Rousseau, Emilio o dell\u2019educazione, i \u201cClassici del pensiero\u201d (Platone con commento di Giovanni Reale, Aristotele con commento di Emanuele Severino, Peirce con commento di Dario Antiseri), e i \u201cClassici della letteratura\u201d (Manzoni, Boccaccio, Tasso, Dante). Collane di ricerca scientifica sono i \u201cSaggi\u201d, una grande biblioteca dei campi delle scienze umane, dove compaiono classici come Eugen Bleuler, e nomi di studiosi come Fulvio De Giorgi,  Laura Palazzani, Pier Paolo Portinaro, Ruggero Eugeni, Damiano Palano, Attilio Simone Bellezza, e \u201cOrso blu\u201d, una collana di ampia divulgazione che spazia in vari ambiti della storia e dell\u2019attualit\u00e0 politica, sociale, educativa, con interventi di papa Francesco e di intellettuali quali Dario Antiseri, Gianfranco Ravasi, Luisa Muraro, Sergio Cotta, Hartmut Rosa, Olivier Houd\u00e9, nonch\u00e9 pubblicazione di classici, da Alessandro Manzoni a Dostoevskij, da a Freud e Jung, a Maria Montessori. Una scommessa la nuova collana \u201cFenomenologie\u201d, diretta da Vincenzo Costa e Elio Franzini, serie unica che traduce le opere dei protagonisti del pensiero fenomenologico, a partire da Edmund Husserl.\t\t\t\t\t\t<\/div>\n\t\t\t\t<\/div>\n\t\t\t\t\t<\/div>\n\t\t<\/div>\n\t\t\t\t\t<\/div>\n\t\t<\/section>\n\t\t\t\t<\/div>\n\t\t","protected":false},"excerpt":{"rendered":"<p>Home Storia dell&#8217;editrice Fondata a Brescia nel 1925 da un gruppo di giovani cattolici \u2013 Fausto Minelli, Alessandro Capretti, Mario Bendiscioli, Giulio Bevilacqua, Gian Battista Montini (il futuro papa Paolo VI) \u2013 la casa editrice Morcelliana dalle sue origini si \u00e8 impegnata a promuovere una cultura di ispirazione cattolica, cercando di intercettare le pi\u00f9 brillanti [&hellip;]<\/p>\n","protected":false},"author":4,"featured_media":0,"parent":0,"menu_order":0,"comment_status":"closed","ping_status":"closed","template":"","meta":{"rank_math_lock_modified_date":false,"footnotes":""},"class_list":["post-775","page","type-page","status-publish","hentry"],"_links":{"self":[{"href":"https:\/\/www.morcelliana.net\/editrice\/wp-json\/wp\/v2\/pages\/775","targetHints":{"allow":["GET"]}}],"collection":[{"href":"https:\/\/www.morcelliana.net\/editrice\/wp-json\/wp\/v2\/pages"}],"about":[{"href":"https:\/\/www.morcelliana.net\/editrice\/wp-json\/wp\/v2\/types\/page"}],"author":[{"embeddable":true,"href":"https:\/\/www.morcelliana.net\/editrice\/wp-json\/wp\/v2\/users\/4"}],"replies":[{"embeddable":true,"href":"https:\/\/www.morcelliana.net\/editrice\/wp-json\/wp\/v2\/comments?post=775"}],"version-history":[{"count":120,"href":"https:\/\/www.morcelliana.net\/editrice\/wp-json\/wp\/v2\/pages\/775\/revisions"}],"predecessor-version":[{"id":5221,"href":"https:\/\/www.morcelliana.net\/editrice\/wp-json\/wp\/v2\/pages\/775\/revisions\/5221"}],"wp:attachment":[{"href":"https:\/\/www.morcelliana.net\/editrice\/wp-json\/wp\/v2\/media?parent=775"}],"curies":[{"name":"wp","href":"https:\/\/api.w.org\/{rel}","templated":true}]}}